{"id":6198,"date":"2014-06-06T12:04:59","date_gmt":"2014-06-06T09:04:59","guid":{"rendered":"http:\/\/www.valonkuvaaja.com\/blogi\/?page_id=6198"},"modified":"2014-06-06T12:04:59","modified_gmt":"2014-06-06T09:04:59","slug":"yhteystiedot","status":"publish","type":"page","link":"http:\/\/www.valonkuvaaja.com\/blogi\/yhteystiedot","title":{"rendered":"Yhteystiedot"},"content":{"rendered":"<p>Yhteytt\u00e4 voit ottaa monella tavalla. Suoraan s\u00e4hk\u00f6postitse tai\u00a0 usean eri sosiaalisen median palvelun kautta. Valitse vaihtoehdoista sinulle parhaiten sopivin ja ollaan yhteyksiss\u00e4!<\/p>\n<p><strong>Palaute | Yhteydenotto s\u00e4hk\u00f6postitse<\/strong><br \/>\n<strong><\/strong>Palautetta voit l\u00e4hett\u00e4\u00e4 s\u00e4hk\u00f6postitse osoitteeseen: <a href=\"http:\/\/www.valonkuvaaja.com\/&amp;#109;&amp;#97;&amp;#105;&amp;#108;&amp;#116;&amp;#111;&amp;#58;&amp;#112;&amp;#97;&amp;#108;&amp;#97;&amp;#117;&amp;#116;&amp;#101;&amp;#64;&amp;#118;&amp;#97;&amp;#108;&amp;#111;&amp;#110;&amp;#107;&amp;#117;&amp;#118;&amp;#97;&amp;#97;&amp;#106;&amp;#97;&amp;#46;&amp;#99;&amp;#111;&amp;#109;\">palaute@valonkuvaaja.com<\/a><\/p>\n<p><b>Verkkosivuni \/ My websites:<\/b><br \/>\n<a href=\"http:\/\/www.valonkuvaaja.com\" rel=\"nofollow\">www.valonkuvaaja.com<\/a><br \/>\n<a href=\"http:\/\/www.mtj-art.com\" rel=\"nofollow\">www.mtj-art.com<\/a><\/p>\n<p><b>Kuvagalleriat \/ My web gallery:<\/b><br \/>\n<a href=\"http:\/\/www.valonkuvaaja.com\/kuvagalleria\" rel=\"nofollow\">www.valonkuvaaja.com\/kuvagalleria<\/a><br \/>\n<a href=\"http:\/\/www.mtj-art.com\/kuvapankki\" rel=\"nofollow\">www.mtj-art.com\/kuvapankki<\/a><\/p>\n<p><b>Blogini \/ My blog:<\/b><br \/>\n<a href=\"http:\/\/www.valonkuvaaja.com\/blogi\/\" rel=\"nofollow\">www.valonkuvaaja.com\/blogi<\/a><\/p>\n<p><b>Twitter:<\/b><br \/>\n<a href=\"http:\/\/twitter.com\/Valonkuvaaja\" rel=\"nofollow\">@Valonkuvaaja<\/a><br \/>\n<a href=\"http:\/\/twitter.com\/MTJART\" rel=\"nofollow\">@MTJART<\/a><\/p>\n<p><b>Facebook:<\/b><br \/>\n<a href=\"https:\/\/www.facebook.com\/Valonkuvaajacom\" rel=\"nofollow\">www.facebook.com\/Valonkuvaajacom<\/a><br \/>\n<a href=\"https:\/\/www.facebook.com\/Mtj.Art\" rel=\"nofollow\">www.facebook.com\/Mtj.Art<\/a><\/p>\n<p><b>Youtube:<\/b><br \/>\n<a href=\"http:\/\/www.youtube.com\/user\/ThePhotongrapher\" rel=\"nofollow\">ThePhotongrapher<\/a><br \/>\n<a href=\"https:\/\/www.youtube.com\/user\/Valonkuvaajacom\" rel=\"nofollow\">Valonkuvaajacom<\/a><\/p>\n<p><b>Thumbl<\/b><br \/>\n<a href=\"http:\/\/valonkuvaaja.tumblr.com\/\" target=\"_blank\">www.valonkuvaaja.tumblr.com<\/a><\/p>\n<p><b><b> <b> Paikkoja joista voit ostaa valokuviani \/ <\/b>Places where you can buy my photos<\/b>:<\/b><br \/>\n<a href=\"http:\/\/cartinafinland.fi\/fi\/search\/Markus+Kauppinen.html\" rel=\"nofollow\">Cartinafinland.fi<\/a><br \/>\n<a href=\"http:\/\/www.vastavalo.fi\/thumbnails.php?album=lastupby&amp;uid=3291\" rel=\"nofollow\">www.vastavalo.fi<\/a><br \/>\n<a href=\"http:\/\/www.mtj-art.com\/valokuvaus\/kuvapankit\" rel=\"nofollow\">www.mtj-art.com<\/a><\/p>\n","protected":false},"excerpt":{"rendered":"<p>Yhteytt\u00e4 voit ottaa monella tavalla. Suoraan s\u00e4hk\u00f6postitse tai\u00a0 usean eri sosiaalisen median palvelun kautta. Valitse vaihtoehdoista sinulle parhaiten sopivin ja ollaan yhteyksiss\u00e4! Palaute | Yhteydenotto s\u00e4hk\u00f6postitse Palautetta voit l\u00e4hett\u00e4\u00e4 s\u00e4hk\u00f6postitse osoitteeseen: palaute@valonkuvaaja.com Verkkosivuni \/ My websites: www.valonkuvaaja.com www.mtj-art.com Kuvagalleriat \/ &hellip; <a href=\"http:\/\/www.valonkuvaaja.com\/blogi\/yhteystiedot\">Lue loppuun <span class=\"meta-nav\">&rarr;<\/span><\/a><\/p>\n","protected":false},"author":1,"featured_media":0,"parent":0,"menu_order":0,"comment_status":"closed","ping_status":"closed","template":"","meta":{"footnotes":""},"class_list":["post-6198","page","type-page","status-publish","hentry"],"aioseo_notices":[],"_links":{"self":[{"href":"http:\/\/www.valonkuvaaja.com\/blogi\/wp-json\/wp\/v2\/pages\/6198","targetHints":{"allow":["GET"]}}],"collection":[{"href":"http:\/\/www.valonkuvaaja.com\/blogi\/wp-json\/wp\/v2\/pages"}],"about":[{"href":"http:\/\/www.valonkuvaaja.com\/blogi\/wp-json\/wp\/v2\/types\/page"}],"author":[{"embeddable":true,"href":"http:\/\/www.valonkuvaaja.com\/blogi\/wp-json\/wp\/v2\/users\/1"}],"replies":[{"embeddable":true,"href":"http:\/\/www.valonkuvaaja.com\/blogi\/wp-json\/wp\/v2\/comments?post=6198"}],"version-history":[{"count":4,"href":"http:\/\/www.valonkuvaaja.com\/blogi\/wp-json\/wp\/v2\/pages\/6198\/revisions"}],"predecessor-version":[{"id":6202,"href":"http:\/\/www.valonkuvaaja.com\/blogi\/wp-json\/wp\/v2\/pages\/6198\/revisions\/6202"}],"wp:attachment":[{"href":"http:\/\/www.valonkuvaaja.com\/blogi\/wp-json\/wp\/v2\/media?parent=6198"}],"curies":[{"name":"wp","href":"https:\/\/api.w.org\/{rel}","templated":true}]}}