{"id":5344,"date":"2013-05-29T12:28:49","date_gmt":"2013-05-29T09:28:49","guid":{"rendered":"http:\/\/www.valonkuvaaja.com\/blogi\/?page_id=5344"},"modified":"2014-06-05T15:48:04","modified_gmt":"2014-06-05T13:48:04","slug":"tahan-asti","status":"publish","type":"page","link":"http:\/\/www.valonkuvaaja.com\/blogi\/tahan-asti","title":{"rendered":"T\u00e4h\u00e4n asti"},"content":{"rendered":"<p>J\u00e4rjestin esikois valokuvan\u00e4yttelyni, nimelt\u00e4\u00e4 T\u00e4h\u00e4n asti, 17.-23.8.2009 H\u00e4meenlinnan p\u00e4\u00e4kirjastossa. Valokuvan\u00e4yttelyyni hain ja sain apurahaa Kansan sivistysrahaston SAK:n kulttuurirahastosta. Apurahalla katoin kolmanneksen valokuvan\u00e4yttelyst\u00e4 koituneista kuluista, loput meniv\u00e4t omasta pussista. Nimen mukaisesti esill\u00e4 oli parhaita valokuvia siihen asti ottamistani ruuduista.<\/p>\n<p>Valokuvan\u00e4yttelyss\u00e4 oli esill\u00e4 yli 50 ottamaani valokuvaa. Valtaosa esill\u00e4 olleista valokuvista olivat Suomen luonnosta. Valokuvat olivat esill\u00e4 aiheittain. Aiheakokonaisuuksina oli mm. luonnon kukat, hy\u00f6teisist\u00e4 otetut makro kuvat, linnut, maisemat ja kantaaottavimpana kokonaisuutena Egologiset jalanj\u00e4ljet. Egologiset jalanj\u00e4ljet -osiossa oli valokuvia ihmiseten luontoon heitt\u00e4mist\u00e4 roskista. N\u00e4yttelyss\u00e4 olleet muut valokuvat olivat H\u00e4meenlinnan rakennuksista.<\/p>\n<p>J\u00e4rjestin valokuvan\u00e4yttelyss\u00e4 \u00e4\u00e4nestyksen n\u00e4yttelyn parhaasta valokuvasta ja voittajaksi selviytyi H\u00e4meenlinnan Aulangolta ottamani valokuva, Sininen Hetki.<\/p>\n<h2>Poimintoja vieraskirjasta<\/h2>\n<p>Wau &#8211; kiitos!<br \/>\nKaunista luontoa!<br \/>\nUpeaa katsella!<br \/>\nIhania valokuvia.<br \/>\nIhania!<br \/>\nKiitos taiteilijalle!<\/p>\n<p>Kiitos kaikille n\u00e4yttelyss\u00e4 k\u00e4ynneille ja vieraskirjaan kirjoittaneille! Ehk\u00e4p\u00e4 n\u00e4emme viel\u00e4 jossain toisaalla uudestaan valokun\u00e4yttelyn parissa!<\/p>\n","protected":false},"excerpt":{"rendered":"<p>J\u00e4rjestin esikois valokuvan\u00e4yttelyni, nimelt\u00e4\u00e4 T\u00e4h\u00e4n asti, 17.-23.8.2009 H\u00e4meenlinnan p\u00e4\u00e4kirjastossa. Valokuvan\u00e4yttelyyni hain ja sain apurahaa Kansan sivistysrahaston SAK:n kulttuurirahastosta. Apurahalla katoin kolmanneksen valokuvan\u00e4yttelyst\u00e4 koituneista kuluista, loput meniv\u00e4t omasta pussista. Nimen mukaisesti esill\u00e4 oli parhaita valokuvia siihen asti ottamistani ruuduista. Valokuvan\u00e4yttelyss\u00e4 oli &hellip; <a href=\"http:\/\/www.valonkuvaaja.com\/blogi\/tahan-asti\">Lue loppuun <span class=\"meta-nav\">&rarr;<\/span><\/a><\/p>\n","protected":false},"author":1,"featured_media":0,"parent":0,"menu_order":0,"comment_status":"closed","ping_status":"closed","template":"","meta":{"footnotes":""},"class_list":["post-5344","page","type-page","status-publish","hentry"],"aioseo_notices":[],"_links":{"self":[{"href":"http:\/\/www.valonkuvaaja.com\/blogi\/wp-json\/wp\/v2\/pages\/5344","targetHints":{"allow":["GET"]}}],"collection":[{"href":"http:\/\/www.valonkuvaaja.com\/blogi\/wp-json\/wp\/v2\/pages"}],"about":[{"href":"http:\/\/www.valonkuvaaja.com\/blogi\/wp-json\/wp\/v2\/types\/page"}],"author":[{"embeddable":true,"href":"http:\/\/www.valonkuvaaja.com\/blogi\/wp-json\/wp\/v2\/users\/1"}],"replies":[{"embeddable":true,"href":"http:\/\/www.valonkuvaaja.com\/blogi\/wp-json\/wp\/v2\/comments?post=5344"}],"version-history":[{"count":3,"href":"http:\/\/www.valonkuvaaja.com\/blogi\/wp-json\/wp\/v2\/pages\/5344\/revisions"}],"predecessor-version":[{"id":5347,"href":"http:\/\/www.valonkuvaaja.com\/blogi\/wp-json\/wp\/v2\/pages\/5344\/revisions\/5347"}],"wp:attachment":[{"href":"http:\/\/www.valonkuvaaja.com\/blogi\/wp-json\/wp\/v2\/media?parent=5344"}],"curies":[{"name":"wp","href":"https:\/\/api.w.org\/{rel}","templated":true}]}}