{"id":263,"date":"2011-01-18T08:45:57","date_gmt":"2011-01-18T06:45:57","guid":{"rendered":"http:\/\/mtj-art.com\/valonkuvaaja\/?page_id=2"},"modified":"2013-04-08T16:25:51","modified_gmt":"2013-04-08T14:25:51","slug":"kuka-olen","status":"publish","type":"page","link":"http:\/\/www.valonkuvaaja.com\/blogi\/kuka-olen","title":{"rendered":"Kuka Valonkuvaaja on?"},"content":{"rendered":"<p><a href=\"http:\/\/www.valonkuvaaja.com\/blogi\/wp-content\/uploads\/2013\/04\/markus-kauppinen-valonkuvaaja-puvussa.png\"><img loading=\"lazy\" decoding=\"async\" class=\"size-full wp-image-5132 alignleft\" alt=\"Markus Kauppinen - Pentax valokuvaaja\" src=\"http:\/\/www.valonkuvaaja.com\/blogi\/wp-content\/uploads\/2013\/04\/markus-kauppinen-valonkuvaaja-puvussa.png\" width=\"166\" height=\"500\" \/><\/a>Olen Markus Kauppinen ja tietotekniikka on kiinnostanut 90-luvun alusta alkaen. Kuulun Nintendo (8-bit) sukupolveen. Vuosia k\u00e4ytin tietotekniikka viihdev\u00e4lineen\u00e4.<\/p>\n<p>Kaksituhatluvun puoliv\u00e4liss\u00e4 alkoi kiinnostukseni muuttumaan teknisemm\u00e4lle puolelle. Samoihin aikoihin toinen rakas harrastukseni, valokuvaus, muuttui ammattimaisemmaksi ensimm\u00e4isen j\u00e4rjestelm\u00e4kameran hankkimisen my\u00f6t\u00e4.<\/p>\n<p>Monen mutkan j\u00e4lkeen k\u00e4vikin niin, ett\u00e4 p\u00e4\u00e4dyin 2010 huhtikuussa aikuiskoulutukseen Tieto- ja viestint\u00e4tekniikkaa ja valmistuin marraskuussa 2011 datanomiksi. Kyseinen tutkinto oli jo yhteishakukaavakkeessa 90-luvulla, mutta silloin tie vei ruokien pariin. Joten nyt on hallinnassa tietotekniikan perusteet ja miten sit\u00e4 ruokaakin tehd\u00e4\u00e4n.<\/p>\n<p>Jo ennen datanomiopintoja kiinnostus digitaaliseen viestint\u00e4\u00e4n oli kasvanut niin suureksi, ett\u00e4 olin saanut aikaiseksi kotisivut. P\u00e4\u00e4syy ensimm\u00e4iselle kotisivuille oli ottamieni digitaalisten valokuvien esille saanti sek\u00e4 niiden myyntiin saanti.<\/p>\n<p>Opiskeluista sain toivomaani lis\u00e4tietoa ja taitoa digitaaliseen viestint\u00e4\u00e4n ja olenkin nyt tehnyt jo useita verkkosivuja, joista muutamat ovat kaupallisiakin sivustoja. Verkkosivuja olen tehnyt\u00a0 niin raakakoodilla kuin eri julkaisuj\u00e4rjestelmill\u00e4, kuten: WordPress, Joomla ja Modx. Joista Modx julkaisuj\u00e4rjestelm\u00e4t ovat tulleet suosikeikseni. Tuossa ohjelmassa koen suurimman tekemisen vapauden, vaikkakin se ole yht\u00e4 helposti l\u00e4hestytt\u00e4viss\u00e4 kuin kaksi muuta mainitsemaani.<\/p>\n<p>Valokuvaus oli opiskelujen aikana v\u00e4h\u00e4ist\u00e4 aikaisempaan verrattuna, mutta nyt sillekin on jatkossa enemm\u00e4n aikaa. Luonto koko olemuksessaan, on ollut aiheena valtaosissa kuvissa t\u00e4h\u00e4n asti. Jatkossa on tarkoitus laajentaa aiheita my\u00f6s muualle, sek\u00e4 panostaa tuotekuvauksen saloihin ja yleisesti muutenkin salamalaitteiden k\u00e4ytt\u00f6\u00f6n. Lis\u00e4ksi henkil\u00f6kuvaukseen tulisi panostaa, sill\u00e4 sit\u00e4 kautta saattaisi saada my\u00f6s kuvauskeikkoja.<\/p>\n<p>Yst\u00e4v\u00e4llisin terveisin,<br \/>\n-Markus Kauppinen<\/p>\n","protected":false},"excerpt":{"rendered":"<p>Olen Markus Kauppinen ja tietotekniikka on kiinnostanut 90-luvun alusta alkaen. Kuulun Nintendo (8-bit) sukupolveen. Vuosia k\u00e4ytin tietotekniikka viihdev\u00e4lineen\u00e4. Kaksituhatluvun puoliv\u00e4liss\u00e4 alkoi kiinnostukseni muuttumaan teknisemm\u00e4lle puolelle. Samoihin aikoihin toinen rakas harrastukseni, valokuvaus, muuttui ammattimaisemmaksi ensimm\u00e4isen j\u00e4rjestelm\u00e4kameran hankkimisen my\u00f6t\u00e4. Monen mutkan j\u00e4lkeen &hellip; <a href=\"http:\/\/www.valonkuvaaja.com\/blogi\/kuka-olen\">Lue loppuun <span class=\"meta-nav\">&rarr;<\/span><\/a><\/p>\n","protected":false},"author":1,"featured_media":0,"parent":0,"menu_order":1,"comment_status":"closed","ping_status":"closed","template":"","meta":{"footnotes":""},"class_list":["post-263","page","type-page","status-publish","hentry"],"aioseo_notices":[],"_links":{"self":[{"href":"http:\/\/www.valonkuvaaja.com\/blogi\/wp-json\/wp\/v2\/pages\/263","targetHints":{"allow":["GET"]}}],"collection":[{"href":"http:\/\/www.valonkuvaaja.com\/blogi\/wp-json\/wp\/v2\/pages"}],"about":[{"href":"http:\/\/www.valonkuvaaja.com\/blogi\/wp-json\/wp\/v2\/types\/page"}],"author":[{"embeddable":true,"href":"http:\/\/www.valonkuvaaja.com\/blogi\/wp-json\/wp\/v2\/users\/1"}],"replies":[{"embeddable":true,"href":"http:\/\/www.valonkuvaaja.com\/blogi\/wp-json\/wp\/v2\/comments?post=263"}],"version-history":[{"count":10,"href":"http:\/\/www.valonkuvaaja.com\/blogi\/wp-json\/wp\/v2\/pages\/263\/revisions"}],"predecessor-version":[{"id":6189,"href":"http:\/\/www.valonkuvaaja.com\/blogi\/wp-json\/wp\/v2\/pages\/263\/revisions\/6189"}],"wp:attachment":[{"href":"http:\/\/www.valonkuvaaja.com\/blogi\/wp-json\/wp\/v2\/media?parent=263"}],"curies":[{"name":"wp","href":"https:\/\/api.w.org\/{rel}","templated":true}]}}