{"id":1227,"date":"2011-06-22T16:30:26","date_gmt":"2011-06-22T13:30:26","guid":{"rendered":"http:\/\/www.valonkuvaaja.com\/blogi"},"modified":"2013-09-11T13:52:23","modified_gmt":"2013-09-11T10:52:23","slug":"valokuvanayttely-varia-pimeaan","status":"publish","type":"page","link":"http:\/\/www.valonkuvaaja.com\/blogi\/valokuvanayttely-varia-pimeaan","title":{"rendered":"V\u00e4ri\u00e4 pime\u00e4\u00e4n"},"content":{"rendered":"<h1><img loading=\"lazy\" decoding=\"async\" title=\"V\u00e4ri\u00e4 pime\u00e4\u00e4n\" alt=\"V\u00e4ri\u00e4 pime\u00e4\u00e4n\" src=\"http:\/\/farm7.static.flickr.com\/6084\/6080513200_e50f1b5512_o.jpg\" width=\"595\" height=\"842\" \/><\/h1>\n<h1>N\u00e4yttelykuvien hankinta<\/h1>\n<ul>\n<li><a href=\"http:\/\/www.kuvalo.com\/galleries\/zeexns\" target=\"_blank\">Kuvalo.fi galleriasta<\/a>. Sielt\u00e4 voit tilata tavallisia valokuvavedoksia, canvas tauluja, j\u00e4\u00e4kaappimagneetteja, tarroja ja ruutukuvia. Kuvien hinnat alkavat 3 eurosta yl\u00f6sp\u00e4in. Toimitusmaksut alkaen 4,95 euroa.<\/li>\n<\/ul>\n<ul>\n<li>Suoraan n\u00e4yttelyst\u00e4 ostamalla (kaupanteko n\u00e4yttelyn p\u00e4\u00e4tytty\u00e4), kuvat 20 x 30 cm kokoisia ja kehystettyj\u00e4. Hinta 25 euroa + mahdolliset toimituskulut.<\/li>\n<\/ul>\n<h2><span style=\"font-size: large;\"><strong>N\u00e4yttelyst\u00e4 muualla<\/strong><\/span><\/h2>\n<ul>\n<li>Valokuvaaja.com sivuston <a href=\"http:\/\/www.valonkuvaaja.com\/varia_pimeaan.php\" target=\"_blank\">V\u00e4ri\u00e4 pime\u00e4\u00e4n<\/a> -sivu<\/li>\n<\/ul>\n<p>&nbsp;<\/p>\n","protected":false},"excerpt":{"rendered":"<p>N\u00e4yttelykuvien hankinta Kuvalo.fi galleriasta. Sielt\u00e4 voit tilata tavallisia valokuvavedoksia, canvas tauluja, j\u00e4\u00e4kaappimagneetteja, tarroja ja ruutukuvia. Kuvien hinnat alkavat 3 eurosta yl\u00f6sp\u00e4in. Toimitusmaksut alkaen 4,95 euroa. Suoraan n\u00e4yttelyst\u00e4 ostamalla (kaupanteko n\u00e4yttelyn p\u00e4\u00e4tytty\u00e4), kuvat 20 x 30 cm kokoisia ja kehystettyj\u00e4. Hinta &hellip; <a href=\"http:\/\/www.valonkuvaaja.com\/blogi\/valokuvanayttely-varia-pimeaan\">Lue loppuun <span class=\"meta-nav\">&rarr;<\/span><\/a><\/p>\n","protected":false},"author":1,"featured_media":0,"parent":0,"menu_order":3,"comment_status":"closed","ping_status":"closed","template":"","meta":{"footnotes":""},"class_list":["post-1227","page","type-page","status-publish","hentry"],"aioseo_notices":[],"_links":{"self":[{"href":"http:\/\/www.valonkuvaaja.com\/blogi\/wp-json\/wp\/v2\/pages\/1227","targetHints":{"allow":["GET"]}}],"collection":[{"href":"http:\/\/www.valonkuvaaja.com\/blogi\/wp-json\/wp\/v2\/pages"}],"about":[{"href":"http:\/\/www.valonkuvaaja.com\/blogi\/wp-json\/wp\/v2\/types\/page"}],"author":[{"embeddable":true,"href":"http:\/\/www.valonkuvaaja.com\/blogi\/wp-json\/wp\/v2\/users\/1"}],"replies":[{"embeddable":true,"href":"http:\/\/www.valonkuvaaja.com\/blogi\/wp-json\/wp\/v2\/comments?post=1227"}],"version-history":[{"count":16,"href":"http:\/\/www.valonkuvaaja.com\/blogi\/wp-json\/wp\/v2\/pages\/1227\/revisions"}],"predecessor-version":[{"id":6190,"href":"http:\/\/www.valonkuvaaja.com\/blogi\/wp-json\/wp\/v2\/pages\/1227\/revisions\/6190"}],"wp:attachment":[{"href":"http:\/\/www.valonkuvaaja.com\/blogi\/wp-json\/wp\/v2\/media?parent=1227"}],"curies":[{"name":"wp","href":"https:\/\/api.w.org\/{rel}","templated":true}]}}