{"id":116,"date":"2011-01-25T13:24:47","date_gmt":"2011-01-25T11:24:47","guid":{"rendered":"http:\/\/mtj-art.com\/valonkuvaaja\/?page_id=116"},"modified":"2014-06-05T18:04:52","modified_gmt":"2014-06-05T15:04:52","slug":"valokuvagalleria","status":"publish","type":"page","link":"http:\/\/www.valonkuvaaja.com\/blogi\/valokuvagalleria","title":{"rendered":"Valokuvagalleria"},"content":{"rendered":"<p>Valonkuvaajan kuvagalleriasta l\u00f6yd\u00e4t vuosien saatossa ottamiani valokuvia.<\/p>\n<p>Kuvagalleriassa on paljon luontokuvia, laajoista maisemakuvista aina muutaman sentin p\u00e4\u00e4st\u00e4 kuvauskohteesta otettuihin makrokuviin.<\/p>\n<p>Kuvagalleriasta l\u00f6ytyy luontokuvien lis\u00e4ksi my\u00f6s muun muassa kuvia eri paikkakunnilta, rakennuksista, tuotekuvia sek\u00e4 kuvia valokuvan\u00e4yttelyist\u00e4ni.<\/p>\n<p><a href=\"http:\/\/www.valonkuvaaja.com\/kuvagalleria\/\"><em>Valonkuvaajan Kuvagalleriaan<\/em> p\u00e4\u00e4set klikkaamalla t\u00e4t\u00e4 linkki\u00e4!<\/a><\/p>\n<p><img loading=\"lazy\" decoding=\"async\" class=\"aligncenter\" alt=\"Poroja Yll\u00e4stunturilla. Valokuvajaa: Markus Kauppinen\" src=\"http:\/\/www.valonkuvaaja.com\/kuvagalleria\/albums\/userpics\/10001\/_MTJ7754_yllas_markus_kauppinen.jpg\" width=\"640\" height=\"424\" \/><\/p>\n","protected":false},"excerpt":{"rendered":"<p>Valonkuvaajan kuvagalleriasta l\u00f6yd\u00e4t vuosien saatossa ottamiani valokuvia. Kuvagalleriassa on paljon luontokuvia, laajoista maisemakuvista aina muutaman sentin p\u00e4\u00e4st\u00e4 kuvauskohteesta otettuihin makrokuviin. Kuvagalleriasta l\u00f6ytyy luontokuvien lis\u00e4ksi my\u00f6s muun muassa kuvia eri paikkakunnilta, rakennuksista, tuotekuvia sek\u00e4 kuvia valokuvan\u00e4yttelyist\u00e4ni. Valonkuvaajan Kuvagalleriaan p\u00e4\u00e4set klikkaamalla t\u00e4t\u00e4 &hellip; <a href=\"http:\/\/www.valonkuvaaja.com\/blogi\/valokuvagalleria\">Lue loppuun <span class=\"meta-nav\">&rarr;<\/span><\/a><\/p>\n","protected":false},"author":1,"featured_media":0,"parent":0,"menu_order":2,"comment_status":"closed","ping_status":"closed","template":"","meta":{"footnotes":""},"class_list":["post-116","page","type-page","status-publish","hentry"],"aioseo_notices":[],"_links":{"self":[{"href":"http:\/\/www.valonkuvaaja.com\/blogi\/wp-json\/wp\/v2\/pages\/116","targetHints":{"allow":["GET"]}}],"collection":[{"href":"http:\/\/www.valonkuvaaja.com\/blogi\/wp-json\/wp\/v2\/pages"}],"about":[{"href":"http:\/\/www.valonkuvaaja.com\/blogi\/wp-json\/wp\/v2\/types\/page"}],"author":[{"embeddable":true,"href":"http:\/\/www.valonkuvaaja.com\/blogi\/wp-json\/wp\/v2\/users\/1"}],"replies":[{"embeddable":true,"href":"http:\/\/www.valonkuvaaja.com\/blogi\/wp-json\/wp\/v2\/comments?post=116"}],"version-history":[{"count":34,"href":"http:\/\/www.valonkuvaaja.com\/blogi\/wp-json\/wp\/v2\/pages\/116\/revisions"}],"predecessor-version":[{"id":6020,"href":"http:\/\/www.valonkuvaaja.com\/blogi\/wp-json\/wp\/v2\/pages\/116\/revisions\/6020"}],"wp:attachment":[{"href":"http:\/\/www.valonkuvaaja.com\/blogi\/wp-json\/wp\/v2\/media?parent=116"}],"curies":[{"name":"wp","href":"https:\/\/api.w.org\/{rel}","templated":true}]}}